{"id":909,"date":"2021-05-06T16:14:50","date_gmt":"2021-05-06T19:14:50","guid":{"rendered":"https:\/\/javierbolanos.net\/inicio\/"},"modified":"2023-07-22T20:54:23","modified_gmt":"2023-07-22T23:54:23","slug":"inicio","status":"publish","type":"page","link":"https:\/\/javierbolanos.net\/en\/","title":{"rendered":"Home"},"content":{"rendered":"\n<div class=\"wp-block-columns is-layout-flex wp-container-2\">\n<div class=\"wp-block-column is-layout-flow\">\n<p class=\"has-drop-cap\">Javier Bola\u00f1os was born and raised in Argentina.<br>In 2004 he opened his own private practice in the heart of C\u00f3rdoba city and has been working as a lacanian psychoanalyst ever since.<br>He is a co-founder and the president of <em>Fundaci\u00f3n Salto<\/em>, Argentina. He&nbsp;is a co-founder of <em>Salto, PC&amp;S<\/em> (Psicoan\u00e1lisis, Cultura y Sociedad) in Spain. He&nbsp;is a co-founder of <em>LEAP<\/em> (Lacanian Encounter Association of Psychoanalysis) in United States and editor in chief of the psychoanalytic and academic annual journal, <em>Saltos<\/em>.<br>He is also the director of <em>Salto Ediciones<\/em> (editorial founded in C\u00f3rdoba, Argentina).<br>Javier has a solid clinical experience. Throughout his clinical career he has been working in both, the medical and mental health fields as well as his private practice.<br>His six years experience at the main mental health institution in the province of C\u00f3rdoba: <em>Sanatorio Morra<\/em>, made severe pathologies like psychosis, mental-health personality disorders and addictions, Javier\u2019s area of expertise.<br>Javier has an extended experience working with children, teenagers and adults with diverse cultural backgrounds and ethnics always open to address their individual situation and problematics.<br>Since 2004, Javier has taught psychoanalysis and psychopathology as an academic graduate and post graduate teacher at the most prestigious universities in the area: <em>Universidad Nacional de C\u00f3rdoba<\/em> and <em>Universidad Siglo 21<\/em>. He has also gained experience providing psychiatric training at other institutions like <em>Fundaci\u00f3n Morra<\/em>.<br>Since 2021, he teaches psychoanalysis at the prestigious <em>17, Instituto de Estudios Cr\u00edticos<\/em> in Mexico City.<br>Javier provides clinical supervision to colleagues like psychologists and psychiatrists. In all these years of his extended work he has verified that the theory and practice of lacanian psychoanalysis is proposing the most clear and ethical approach to listen, intervene and modify, in a definitive way, human suffering. His drive and constant interest in a new way of thinking and transmitting psychoanalysis converge in new horizons for his practice.<\/p>\n<\/div>\n<\/div>\n\n\n\n<div style=\"height:47px\" aria-hidden=\"true\" class=\"wp-block-spacer\"><\/div>\n\n\n\n<h2 class=\"wp-block-heading has-text-align-center\">Projects<\/h2>\n\n\n\n<div style=\"height:20px\" aria-hidden=\"true\" class=\"wp-block-spacer\"><\/div>\n\n\n\n<div class=\"wp-block-columns is-layout-flex wp-container-6\">\n<div class=\"wp-block-column is-layout-flow\">\n<figure class=\"wp-block-image size-large\"><a href=\"https:\/\/fundacionsalto.org\/\" target=\"_blank\" rel=\"noopener\"><img decoding=\"async\" loading=\"lazy\" width=\"920\" height=\"1024\" src=\"https:\/\/javierbolanos.net\/wp-content\/uploads\/2022\/01\/Salto-920x1024.png\" alt=\"\" class=\"wp-image-1023\" srcset=\"https:\/\/javierbolanos.net\/wp-content\/uploads\/2022\/01\/Salto-920x1024.png 920w, https:\/\/javierbolanos.net\/wp-content\/uploads\/2022\/01\/Salto-270x300.png 270w, https:\/\/javierbolanos.net\/wp-content\/uploads\/2022\/01\/Salto-768x855.png 768w, https:\/\/javierbolanos.net\/wp-content\/uploads\/2022\/01\/Salto.png 1080w\" sizes=\"(max-width: 920px) 100vw, 920px\" \/><\/a><\/figure>\n\n\n\n<p class=\"has-text-align-center\"><strong>Argentina<\/strong><\/p>\n<\/div>\n\n\n\n<div class=\"wp-block-column is-vertically-aligned-center is-layout-flow\">\n<figure class=\"wp-block-image size-large\"><a href=\"https:\/\/saltocultura.es\/\" target=\"_blank\" rel=\"noopener\"><img decoding=\"async\" loading=\"lazy\" width=\"920\" height=\"1024\" src=\"https:\/\/javierbolanos.net\/wp-content\/uploads\/2022\/01\/SaltoPCS-920x1024.png\" alt=\"\" class=\"wp-image-1025\" srcset=\"https:\/\/javierbolanos.net\/wp-content\/uploads\/2022\/01\/SaltoPCS-920x1024.png 920w, https:\/\/javierbolanos.net\/wp-content\/uploads\/2022\/01\/SaltoPCS-270x300.png 270w, https:\/\/javierbolanos.net\/wp-content\/uploads\/2022\/01\/SaltoPCS-768x855.png 768w, https:\/\/javierbolanos.net\/wp-content\/uploads\/2022\/01\/SaltoPCS.png 1080w\" sizes=\"(max-width: 920px) 100vw, 920px\" \/><\/a><\/figure>\n\n\n\n<p class=\"has-text-align-center\"><strong>Spain<\/strong><\/p>\n<\/div>\n\n\n\n<div class=\"wp-block-column is-vertically-aligned-center is-layout-flow\">\n<figure class=\"wp-block-image size-large is-style-default\"><a href=\"https:\/\/www.weareleap.net\/\" target=\"_blank\" rel=\"noopener\"><img decoding=\"async\" loading=\"lazy\" width=\"920\" height=\"1024\" src=\"https:\/\/javierbolanos.net\/wp-content\/uploads\/2022\/01\/leap-920x1024.png\" alt=\"\" class=\"wp-image-1027\" srcset=\"https:\/\/javierbolanos.net\/wp-content\/uploads\/2022\/01\/leap-920x1024.png 920w, https:\/\/javierbolanos.net\/wp-content\/uploads\/2022\/01\/leap-270x300.png 270w, https:\/\/javierbolanos.net\/wp-content\/uploads\/2022\/01\/leap-768x855.png 768w, https:\/\/javierbolanos.net\/wp-content\/uploads\/2022\/01\/leap.png 1080w\" sizes=\"(max-width: 920px) 100vw, 920px\" \/><\/a><\/figure>\n\n\n\n<p class=\"has-text-align-center\"><strong>United States<\/strong><\/p>\n<\/div>\n<\/div>\n\n\n\n<div style=\"height:54px\" aria-hidden=\"true\" class=\"wp-block-spacer\"><\/div>\n\n\n\n<figure class=\"wp-block-image size-large\"><img decoding=\"async\" loading=\"lazy\" width=\"900\" height=\"612\" src=\"https:\/\/javierbolanos.net\/wp-content\/uploads\/2021\/05\/javibolanos-900-min.png\" alt=\"\" class=\"wp-image-810\" srcset=\"https:\/\/javierbolanos.net\/wp-content\/uploads\/2021\/05\/javibolanos-900-min.png 900w, https:\/\/javierbolanos.net\/wp-content\/uploads\/2021\/05\/javibolanos-900-min-300x204.png 300w, https:\/\/javierbolanos.net\/wp-content\/uploads\/2021\/05\/javibolanos-900-min-768x522.png 768w\" sizes=\"(max-width: 900px) 100vw, 900px\" \/><\/figure>\n\n\n\n<h3 class=\"wp-block-heading has-text-align-center has-text-color\" style=\"color:#1e2c53\"><strong>Lacanian Psychoanalyst<\/strong><br><strong>MA in Critical Theory<br>MA in Psychology<\/strong><\/h3>\n\n\n\n<ul class=\"wp-block-social-links aligncenter has-large-icon-size has-icon-color is-style-logos-only is-layout-flex\"><li style=\"color: #1e2c53; \" class=\"wp-social-link wp-social-link-linkedin wp-block-social-link\"><a rel=\" noopener nofollow\" target=\"_blank\" href=\"https:\/\/www.linkedin.com\/in\/javier-bola%C3%B1os-60309617b\/\" class=\"wp-block-social-link-anchor\"><svg width=\"24\" height=\"24\" viewBox=\"0 0 24 24\" version=\"1.1\" xmlns=\"http:\/\/www.w3.org\/2000\/svg\" aria-hidden=\"true\" focusable=\"false\"><path d=\"M19.7,3H4.3C3.582,3,3,3.582,3,4.3v15.4C3,20.418,3.582,21,4.3,21h15.4c0.718,0,1.3-0.582,1.3-1.3V4.3 C21,3.582,20.418,3,19.7,3z M8.339,18.338H5.667v-8.59h2.672V18.338z M7.004,8.574c-0.857,0-1.549-0.694-1.549-1.548 c0-0.855,0.691-1.548,1.549-1.548c0.854,0,1.547,0.694,1.547,1.548C8.551,7.881,7.858,8.574,7.004,8.574z M18.339,18.338h-2.669 v-4.177c0-0.996-0.017-2.278-1.387-2.278c-1.389,0-1.601,1.086-1.601,2.206v4.249h-2.667v-8.59h2.559v1.174h0.037 c0.356-0.675,1.227-1.387,2.526-1.387c2.703,0,3.203,1.779,3.203,4.092V18.338z\"><\/path><\/svg><span class=\"wp-block-social-link-label screen-reader-text\">LinkedIn<\/span><\/a><\/li><\/ul>\n","protected":false},"excerpt":{"rendered":"<p>Javier Bola\u00f1os was born and raised in Argentina.In 2004 he opened his own private practice in the heart of C\u00f3rdoba city and has been working as a lacanian psychoanalyst ever since.He is a co-founder and the president of Fundaci\u00f3n Salto, Argentina. He&nbsp;is a co-founder of Salto, PC&amp;S (Psicoan\u00e1lisis, Cultura y [&hellip;]<\/p>\n","protected":false},"author":2,"featured_media":0,"parent":0,"menu_order":0,"comment_status":"closed","ping_status":"closed","template":"","meta":[],"acf":[],"yoast_head":"<!-- This site is optimized with the Yoast SEO plugin v21.8.1 - https:\/\/yoast.com\/wordpress\/plugins\/seo\/ -->\n<title>Home | Javier Bola\u00f1os<\/title>\n<meta name=\"robots\" content=\"index, follow, max-snippet:-1, max-image-preview:large, max-video-preview:-1\" \/>\n<link rel=\"canonical\" href=\"https:\/\/javierbolanos.net\/en\/\" \/>\n<meta property=\"og:locale\" content=\"en_US\" \/>\n<meta property=\"og:type\" content=\"article\" \/>\n<meta property=\"og:title\" content=\"Home | Javier Bola\u00f1os\" \/>\n<meta property=\"og:description\" content=\"Javier Bola\u00f1os was born and raised in Argentina.In 2004 he opened his own private practice in the heart of C\u00f3rdoba city and has been working as a lacanian psychoanalyst ever since.He is a co-founder and the president of Fundaci\u00f3n Salto, Argentina. He&nbsp;is a co-founder of Salto, PC&amp;S (Psicoan\u00e1lisis, Cultura y [&hellip;]\" \/>\n<meta property=\"og:url\" content=\"https:\/\/javierbolanos.net\/en\/\" \/>\n<meta property=\"og:site_name\" content=\"Javier Bola\u00f1os\" \/>\n<meta property=\"article:modified_time\" content=\"2023-07-22T23:54:23+00:00\" \/>\n<meta property=\"og:image\" content=\"https:\/\/javierbolanos.net\/wp-content\/uploads\/2022\/01\/Salto-920x1024.png\" \/>\n<meta name=\"twitter:card\" content=\"summary_large_image\" \/>\n<meta name=\"twitter:label1\" content=\"Est. reading time\" \/>\n\t<meta name=\"twitter:data1\" content=\"3 minutes\" \/>\n<script type=\"application\/ld+json\" class=\"yoast-schema-graph\">{\"@context\":\"https:\/\/schema.org\",\"@graph\":[{\"@type\":\"WebPage\",\"@id\":\"https:\/\/javierbolanos.net\/en\/\",\"url\":\"https:\/\/javierbolanos.net\/en\/\",\"name\":\"Home | Javier Bola\u00f1os\",\"isPartOf\":{\"@id\":\"https:\/\/javierbolanos.net\/en\/#website\"},\"datePublished\":\"2021-05-06T19:14:50+00:00\",\"dateModified\":\"2023-07-22T23:54:23+00:00\",\"breadcrumb\":{\"@id\":\"https:\/\/javierbolanos.net\/en\/#breadcrumb\"},\"inLanguage\":\"en-US\",\"potentialAction\":[{\"@type\":\"ReadAction\",\"target\":[\"https:\/\/javierbolanos.net\/en\/\"]}]},{\"@type\":\"BreadcrumbList\",\"@id\":\"https:\/\/javierbolanos.net\/en\/#breadcrumb\",\"itemListElement\":[{\"@type\":\"ListItem\",\"position\":1,\"name\":\"Portada\",\"item\":\"https:\/\/javierbolanos.net\/en\/\"},{\"@type\":\"ListItem\",\"position\":2,\"name\":\"Home\"}]},{\"@type\":\"WebSite\",\"@id\":\"https:\/\/javierbolanos.net\/en\/#website\",\"url\":\"https:\/\/javierbolanos.net\/en\/\",\"name\":\"Javier Bola\u00f1os\",\"description\":\"Master\u2019s Degree in Psychology\",\"publisher\":{\"@id\":\"https:\/\/javierbolanos.net\/en\/#\/schema\/person\/05068765d78f2cbf9418854057760551\"},\"potentialAction\":[{\"@type\":\"SearchAction\",\"target\":{\"@type\":\"EntryPoint\",\"urlTemplate\":\"https:\/\/javierbolanos.net\/en\/?s={search_term_string}\"},\"query-input\":\"required name=search_term_string\"}],\"inLanguage\":\"en-US\"},{\"@type\":[\"Person\",\"Organization\"],\"@id\":\"https:\/\/javierbolanos.net\/en\/#\/schema\/person\/05068765d78f2cbf9418854057760551\",\"name\":\"Javier Bola\u00f1os\",\"image\":{\"@type\":\"ImageObject\",\"inLanguage\":\"en-US\",\"@id\":\"https:\/\/javierbolanos.net\/en\/#\/schema\/person\/image\/\",\"url\":\"https:\/\/secure.gravatar.com\/avatar\/1b2cb0c66a190e1da4a17551ade9d3c8?s=96&d=mm&r=g\",\"contentUrl\":\"https:\/\/secure.gravatar.com\/avatar\/1b2cb0c66a190e1da4a17551ade9d3c8?s=96&d=mm&r=g\",\"caption\":\"Javier Bola\u00f1os\"},\"logo\":{\"@id\":\"https:\/\/javierbolanos.net\/en\/#\/schema\/person\/image\/\"},\"sameAs\":[\"https:\/\/javierbolanos.net\"]}]}<\/script>\n<!-- \/ Yoast SEO plugin. -->","yoast_head_json":{"title":"Home | Javier Bola\u00f1os","robots":{"index":"index","follow":"follow","max-snippet":"max-snippet:-1","max-image-preview":"max-image-preview:large","max-video-preview":"max-video-preview:-1"},"canonical":"https:\/\/javierbolanos.net\/en\/","og_locale":"en_US","og_type":"article","og_title":"Home | Javier Bola\u00f1os","og_description":"Javier Bola\u00f1os was born and raised in Argentina.In 2004 he opened his own private practice in the heart of C\u00f3rdoba city and has been working as a lacanian psychoanalyst ever since.He is a co-founder and the president of Fundaci\u00f3n Salto, Argentina. He&nbsp;is a co-founder of Salto, PC&amp;S (Psicoan\u00e1lisis, Cultura y [&hellip;]","og_url":"https:\/\/javierbolanos.net\/en\/","og_site_name":"Javier Bola\u00f1os","article_modified_time":"2023-07-22T23:54:23+00:00","og_image":[{"url":"https:\/\/javierbolanos.net\/wp-content\/uploads\/2022\/01\/Salto-920x1024.png"}],"twitter_card":"summary_large_image","twitter_misc":{"Est. reading time":"3 minutes"},"schema":{"@context":"https:\/\/schema.org","@graph":[{"@type":"WebPage","@id":"https:\/\/javierbolanos.net\/en\/","url":"https:\/\/javierbolanos.net\/en\/","name":"Home | Javier Bola\u00f1os","isPartOf":{"@id":"https:\/\/javierbolanos.net\/en\/#website"},"datePublished":"2021-05-06T19:14:50+00:00","dateModified":"2023-07-22T23:54:23+00:00","breadcrumb":{"@id":"https:\/\/javierbolanos.net\/en\/#breadcrumb"},"inLanguage":"en-US","potentialAction":[{"@type":"ReadAction","target":["https:\/\/javierbolanos.net\/en\/"]}]},{"@type":"BreadcrumbList","@id":"https:\/\/javierbolanos.net\/en\/#breadcrumb","itemListElement":[{"@type":"ListItem","position":1,"name":"Portada","item":"https:\/\/javierbolanos.net\/en\/"},{"@type":"ListItem","position":2,"name":"Home"}]},{"@type":"WebSite","@id":"https:\/\/javierbolanos.net\/en\/#website","url":"https:\/\/javierbolanos.net\/en\/","name":"Javier Bola\u00f1os","description":"Master\u2019s Degree in Psychology","publisher":{"@id":"https:\/\/javierbolanos.net\/en\/#\/schema\/person\/05068765d78f2cbf9418854057760551"},"potentialAction":[{"@type":"SearchAction","target":{"@type":"EntryPoint","urlTemplate":"https:\/\/javierbolanos.net\/en\/?s={search_term_string}"},"query-input":"required name=search_term_string"}],"inLanguage":"en-US"},{"@type":["Person","Organization"],"@id":"https:\/\/javierbolanos.net\/en\/#\/schema\/person\/05068765d78f2cbf9418854057760551","name":"Javier Bola\u00f1os","image":{"@type":"ImageObject","inLanguage":"en-US","@id":"https:\/\/javierbolanos.net\/en\/#\/schema\/person\/image\/","url":"https:\/\/secure.gravatar.com\/avatar\/1b2cb0c66a190e1da4a17551ade9d3c8?s=96&d=mm&r=g","contentUrl":"https:\/\/secure.gravatar.com\/avatar\/1b2cb0c66a190e1da4a17551ade9d3c8?s=96&d=mm&r=g","caption":"Javier Bola\u00f1os"},"logo":{"@id":"https:\/\/javierbolanos.net\/en\/#\/schema\/person\/image\/"},"sameAs":["https:\/\/javierbolanos.net"]}]}},"_links":{"self":[{"href":"https:\/\/javierbolanos.net\/en\/wp-json\/wp\/v2\/pages\/909"}],"collection":[{"href":"https:\/\/javierbolanos.net\/en\/wp-json\/wp\/v2\/pages"}],"about":[{"href":"https:\/\/javierbolanos.net\/en\/wp-json\/wp\/v2\/types\/page"}],"author":[{"embeddable":true,"href":"https:\/\/javierbolanos.net\/en\/wp-json\/wp\/v2\/users\/2"}],"replies":[{"embeddable":true,"href":"https:\/\/javierbolanos.net\/en\/wp-json\/wp\/v2\/comments?post=909"}],"version-history":[{"count":13,"href":"https:\/\/javierbolanos.net\/en\/wp-json\/wp\/v2\/pages\/909\/revisions"}],"predecessor-version":[{"id":1351,"href":"https:\/\/javierbolanos.net\/en\/wp-json\/wp\/v2\/pages\/909\/revisions\/1351"}],"wp:attachment":[{"href":"https:\/\/javierbolanos.net\/en\/wp-json\/wp\/v2\/media?parent=909"}],"curies":[{"name":"wp","href":"https:\/\/api.w.org\/{rel}","templated":true}]}}